{"id":3209,"date":"2022-03-29T12:45:18","date_gmt":"2022-03-29T10:45:18","guid":{"rendered":"https:\/\/laspoletonorciainmtb.it\/privacy\/"},"modified":"2025-02-19T18:17:18","modified_gmt":"2025-02-19T17:17:18","slug":"privacy","status":"publish","type":"page","link":"https:\/\/laspoletonorciainmtb.it\/en\/privacy\/","title":{"rendered":"Privacy policy"},"content":{"rendered":"<div id='full_slider_1'  class='avia-fullwidth-slider main_color avia-shadow   avia-builder-el-0  el_before_av_section  avia-builder-el-first   container_wrap sidebar_right'  ><div  class='avia-slideshow av-l11a2vjc-021a0c193a4e0891912f7adc0c17e66c avia-slideshow-no scaling av_slideshow_full avia-slide-slider av-slideshow-ui av-control-default av-slideshow-manual av-loop-once av-loop-manual-endless av-default-height-applied   avia-slideshow-1' data-slideshow-options=\"{&quot;animation&quot;:&quot;slide&quot;,&quot;autoplay&quot;:false,&quot;loop_autoplay&quot;:&quot;once&quot;,&quot;interval&quot;:5,&quot;loop_manual&quot;:&quot;manual-endless&quot;,&quot;autoplay_stopper&quot;:false,&quot;noNavigation&quot;:false,&quot;bg_slider&quot;:false,&quot;keep_padding&quot;:false,&quot;hoverpause&quot;:false,&quot;show_slide_delay&quot;:0}\"  itemprop=\"image\" itemscope=\"itemscope\" itemtype=\"https:\/\/schema.org\/ImageObject\" ><ul class='avia-slideshow-inner ' style='padding-bottom: 30.833333333333%;'><li  class='avia-slideshow-slide av-l11a2vjc-021a0c193a4e0891912f7adc0c17e66c__0  av-single-slide slide-1 slide-odd'><div data-rel='slideshow-1' class='avia-slide-wrap '   ><img decoding=\"async\" fetchpriority=\"high\" class=\"wp-image-2431 avia-img-lazy-loading-not-2431\"  src=\"https:\/\/laspoletonorciainmtb.it\/wp-content\/uploads\/2022\/03\/galleria1.jpg\" width=\"1920\" height=\"592\" title='galleria1' alt=''  itemprop=\"thumbnailUrl\" srcset=\"https:\/\/laspoletonorciainmtb.it\/wp-content\/uploads\/2022\/03\/galleria1.jpg 1920w, https:\/\/laspoletonorciainmtb.it\/wp-content\/uploads\/2022\/03\/galleria1-300x93.jpg 300w, https:\/\/laspoletonorciainmtb.it\/wp-content\/uploads\/2022\/03\/galleria1-1030x318.jpg 1030w, https:\/\/laspoletonorciainmtb.it\/wp-content\/uploads\/2022\/03\/galleria1-768x237.jpg 768w, https:\/\/laspoletonorciainmtb.it\/wp-content\/uploads\/2022\/03\/galleria1-1536x474.jpg 1536w, https:\/\/laspoletonorciainmtb.it\/wp-content\/uploads\/2022\/03\/galleria1-1500x463.jpg 1500w, https:\/\/laspoletonorciainmtb.it\/wp-content\/uploads\/2022\/03\/galleria1-705x217.jpg 705w\" sizes=\"(max-width: 1920px) 100vw, 1920px\" \/><\/div><\/li><\/ul><\/div><\/div>\n<div id='av_section_1'  class='avia-section av-qcwrl-8d449e522f7e2f60afc5e51e2989524e main_color avia-section-small avia-no-border-styling  avia-builder-el-1  el_after_av_slideshow_full  el_before_av_section  avia-bg-style-scroll container_wrap sidebar_right'  ><div class='container av-section-cont-open' ><div class='template-page content  av-content-small alpha units'><div class='post-entry post-entry-type-page post-entry-3209'><div class='entry-content-wrapper clearfix'>\n<div  class='flex_column av-kzwquy44-9ede2d52995b27724e1ede6bdb81e214 av_one_full  avia-builder-el-2  avia-builder-el-no-sibling  first flex_column_div av-animated-generic left-to-right  '     ><style type=\"text\/css\" data-created_by=\"avia_inline_auto\" id=\"style-css-av-kzwpj5pk-0515ee59751d2c57226a5ab60b8750dc\">\n#top .av-special-heading.av-kzwpj5pk-0515ee59751d2c57226a5ab60b8750dc{\npadding-bottom:10px;\ncolor:#91817d;\n}\nbody .av-special-heading.av-kzwpj5pk-0515ee59751d2c57226a5ab60b8750dc .av-special-heading-tag .heading-char{\nfont-size:25px;\n}\n.av-special-heading.av-kzwpj5pk-0515ee59751d2c57226a5ab60b8750dc .special-heading-inner-border{\nborder-color:#91817d;\n}\n.av-special-heading.av-kzwpj5pk-0515ee59751d2c57226a5ab60b8750dc .av-subheading{\nfont-size:15px;\n}\n<\/style>\n<div  class='av-special-heading av-kzwpj5pk-0515ee59751d2c57226a5ab60b8750dc av-special-heading-h1 custom-color-heading blockquote modern-quote  avia-builder-el-3  avia-builder-el-no-sibling  titolo-spaziato'><h1 class='av-special-heading-tag '  itemprop=\"headline\"  >privacy policy<\/h1><div class=\"special-heading-border\"><div class=\"special-heading-inner-border\"><\/div><\/div><\/div><\/div>\n\n<\/div><\/div><\/div><!-- close content main div --><\/div><\/div><div id='av_section_2'  class='avia-section av-22idd-62e9f7e3105053ba446258d763ef8b74 main_color avia-section-small avia-no-border-styling  avia-builder-el-4  el_after_av_section  avia-builder-el-last  avia-bg-style-scroll container_wrap sidebar_right'  ><div class='container av-section-cont-open' ><div class='template-page content  av-content-small alpha units'><div class='post-entry post-entry-type-page post-entry-3209'><div class='entry-content-wrapper clearfix'>\n<div  class='flex_column av-bbqih-94ba74c06d707ccbff325b270c601cbb av_one_full  avia-builder-el-5  avia-builder-el-no-sibling  first flex_column_div av-animated-generic right-to-left  '     ><section  class='av_textblock_section av-l0mmw24b-cf6daaaf82913440a558b4559aea04b4 '   itemscope=\"itemscope\" itemtype=\"https:\/\/schema.org\/CreativeWork\" ><div class='avia_textblock paragrafo-std'  itemprop=\"text\" ><p><strong>Informativa ai sensi dell\u2019art. 13 e 14 del Regolamento Europeo 2016\/679 (nel seguito anche GDPR) in materia di protezione dei dati personali\u201d relativa al trattamento dei dati<\/strong><\/p>\n<p>In adempimento di quanto previsto dalla normativa in epigrafe si forniscono le seguenti informazioni in merito al trattamento dei dati personali degli atleti ( nel prosieguo definiti anche \u201cinteressati\u201d) operato dalla S.S.D. La SpoletoNorcia srl \u2013 con sede in Spoleto \u2013 via dei Filosofi n. 59 (nel seguito \u201cSN\u201d) in qualit\u00e0 di Titolare del trattamento.<\/p>\n<p><strong>1. Titolare del Trattamento e Responsabile della Protezione dei Dati (DPO)<\/strong><br \/>\nTitolare del trattamento \u00e8 la S.S.D. La SpoletoNorcia srl, con sede legale in Spoleto \u2013 via dei Filosofi 59 \u2013 CAP 06049 Spoleto \u2013 Cod. Fisc. e P.I. 03719230546, \u2013 indirizzo email luca.ministrini@laspoletonorciainmtb.it , nel proseguo definita anche SN o TITOLARE del trattamento<\/p>\n<p><strong>2. Fonte dei dati personali<\/strong><br \/>\nI dati personali degli interessati vengono raccolti sia direttamente che per il tramite di Winning Time a cui l\u2019interessato richiede il tesseramento e\/o l\u2019iscrizione; la Winning Time, in qualit\u00e0 di Responsabile del trattamento per conto della SN provvede alla consegna della presente informativa agli interessati e ad acquisirne l\u2019espressione del consenso al trattamento, nonch\u00e9 ad inserire i dati nella piattaforma dedicata, di propriet\u00e0 della SN.<\/p>\n<p><strong>3. Finalit\u00e0 del trattamento<\/strong><br \/>\nI dati personali sono trattati da SN per lo svolgimento delle attivit\u00e0 statutarie \u2013 consistenti nel disciplinare, promuovere e diffondere lo sport del ciclismo \u2013 ed in particolare per il perseguimento delle seguenti finalit\u00e0:<br \/>\nI. Finalit\u00e0 istituzionali strettamente connesse e strumentali alla gestione dei rapporti con i tesserati conseguenti al tesseramento, alla loro conseguente partecipazione alle attivit\u00e0 sportive organizzata da SN, e da altri ENTI ORGANIZZATORI, in particolare:<br \/>\n\u2022 finalit\u00e0 concernenti la diffusione, con qualsiasi mezzo, dei dati relativi alla partecipazione ed ai risultati conseguiti nelle manifestazioni sportive, alle classifiche di rendimento stagionali o qualsiasi altra classificazione individuale o di squadra<br \/>\n\u2022 finalit\u00e0 concernenti la diffusione delle riprese e delle immagini fotografiche collegate alla pubblica attivit\u00e0 sportiva od altre pubbliche attivit\u00e0 organizzate \u2013 in cui possono essere presenti riprese o immagini riferite anche agli atleti \u2013 attraverso qualsiasi mezzo di comunicazione, quali a titolo esemplificativo: sito istituzionale, riviste, giornali, tv, internet, brochure ecc<br \/>\n\u2022 finalit\u00e0 di promozione funzionali alla pratica dello sport del ciclismo (ad esempio promozione delle iniziative, invio di pubblicazioni e dei notiziari sportivi.)<br \/>\n\u2022 finalit\u00e0 di mantenimento della storicizzazione dell\u2019attivit\u00e0 sportiva dell\u2019atleta<br \/>\nII. Finalit\u00e0 connesse all\u2019adempimento di obblighi previsti da Leggi e regolamenti statali, dalle Carte Federali e dalla normativa comunitaria, nonch\u00e9 da disposizioni impartite dal CONI,<br \/>\nIII. I dati potranno essere trattati anche per finalit\u00e0 rappresentate dalla ricerca di fondi e sponsorizzazioni presso soggetti terzi ai quali i dati, previo consenso dell\u2019interessato, potranno essere comunicati al fine che possano da questi essere utilizzati per finalit\u00e0 di marketing diretto.<\/p>\n<p><strong>4. Categorie dei dati personali<\/strong><br \/>\nI Dati Personali oggetto di trattamento da parte SN sono:<br \/>\n\u2013 \u201cordinari\u201d tra i quali rientrano a titolo esemplificativo i dati anagrafici (nome, cognome, codice fiscale, recapiti telefonici)<br \/>\n\u2013 \u201cparticolari\u201d (art. 9 GDPR) cio\u00e8 quei dati dai quali pu\u00f2 desumersi, fra l\u2019altro, lo stato di salute degli interessati ed il cui trattamento \u00e8 subordinato ad una specifica manifestazione di consenso da parte dell\u2019interessato<\/p>\n<p><strong>5. Base Giuridica del trattamento<\/strong><br \/>\nLa base giuridica del trattamento \u00e8 costituita:<br \/>\n\u2013 per le finalit\u00e0 di cui al punto I in relazione ai dati ordinari, dalla necessit\u00e0 di dare esecuzione alla iscrizione \/ tesseramento di cui l\u2019interessato \u00e8 parte e dal raggiungimento delle finalit\u00e0 istituzionali; in relazione ai dati particolari (ad es. quelli idonei a rivelare lo stato di salute) dal consenso esplicito prestato dall\u2019interessato<br \/>\n\u2013 per le finalit\u00e0 di cui al punto II dall\u2019adempimento ad obblighi di legge e dal consenso espresso dell\u2019interessato<br \/>\nLaddove la base giuridica del trattamento sia rappresentata dal consenso dell\u2019interessato allo stesso verr\u00e0 richiesto di esprimere o negare il consenso su modulistica specifica in relazione alle singole finalit\u00e0<\/p>\n<p><strong>6. Conferimento dei dati e Consenso al trattamento<\/strong><br \/>\nIl conferimento dei dati ed il consenso al trattamento per le finalit\u00e0 di cui ai punti I e II \u00e8 indispensabile ai fini della iscrizione \/ tesseramento e del rispetto delle normative vigenti nonch\u00e9 per la partecipazione alle attivit\u00e0 sportive. Pertanto la mancanza del conferimento dei dati determiner\u00e0 l\u2019impossibilit\u00e0 di darvi corso.<\/p>\n<p><strong>7. Modalit\u00e0 del trattamento<\/strong><br \/>\nIl trattamento dei dati personali avviene mediante strumenti manuali, informatici e telematici con logiche strettamente correlate alle finalit\u00e0 e, comunque, in modo da garantire la sicurezza e la riservatezza dei dati stessi in conformit\u00e0 alle norme vigenti.<br \/>\nI dati verranno trattati da personale e\/o collaboratori di SN.<br \/>\nPer il trattamento dei dati la SN potrebbe avvalersi di soggetti terzi nominati Responsabili del trattamento ai sensi dell\u2019art. 28 del GDPR il cui elenco \u00e8 disponibile facendone richiesta all\u2019indirizzo email luca.ministrini@laspoletonorciainmtb.it<\/p>\n<p><strong>8. Destinatari dei dati<\/strong><br \/>\nIn taluni casi l\u2019esecuzione del complesso delle attivit\u00e0 connesse e\/o strumentali alla gestione delle attivit\u00e0 conseguenti alla iscrizione \/ tesseramento comporta la comunicazione di dati personali, ivi comprese categorie particolari di dati (ad. es. dati idonei a rivelare lo stato di salute) ai soggetti le cui facolt\u00e0 di accedervi siano riconosciute da disposizioni di legge o siano necessarie per assicurare la partecipazione alle attivit\u00e0 sportive ed il loro regolare svolgimento.<br \/>\nI soggetti appartenenti alle categorie alle quali i dati possono essere comunicati effettueranno il trattamento dei dati medesimi e li utilizzeranno, a seconda dei casi, in qualit\u00e0 di autonomi Titolari, in qualit\u00e0 di Responsabili del trattamento espressamente nominati da parte del Titolare e\/o in qualit\u00e0 di sub responsabili del Responsabile del trattamento nominati dal Responsabile del trattamento.<br \/>\nSi precisa che l\u2019ambito di comunicazione \u00e8 attentamente vagliato dalla SN al fine di garantire che ai destinatari siano comunicati solo i dati indispensabili alle relative attivit\u00e0 e l\u2019ambito di comunicazione \u00e8 altres\u00ec distinto in base alle effettive necessit\u00e0 dei destinatari di conoscere i dati.<br \/>\nPrevio specifico consenso dell\u2019interessato, non obbligatorio, i dati potranno essere comunicati a societ\u00e0 e imprese per fini di informazioni commerciali o di invio materiale pubblicitario o di vendita diretta ovvero per il compimento di ricerche di mercato o di comunicazione commerciale interattiva, o di ricerca di fondi e sponsorizzazioni.<\/p>\n<p><strong>9. Ambito di diffusione<\/strong><br \/>\nAi fini del perseguimento delle attivit\u00e0 statutarie ed in relazione ad alcune delle finalit\u00e0 di cui al punto I) alcuni dei dati personali degli atleti, in particolare immagini e\/o video che li riprendano in occasioni di eventi pubblici e\/o manifestazioni sportive, potranno essere diffuse attraverso i siti istituzionali di SN.<br \/>\nSono oggetto altres\u00ec di diffusione mediante pubblicazione sul sito istituzionale di SN, il nome, cognome e data di nascita, numero della tessera e categoria di appartenenza dell\u2019atleta, quest\u2019ultima ai soli fini della gestione dei dati relativi alle classifiche.<\/p>\n<p><strong>10. Profilazione<\/strong><br \/>\nI dati personali non sono soggetti ad alcun processo decisionale interamente automatizzato, ivi compresa la profilazione. Nel caso in cui la SN intendesse procedere a tale attivit\u00e0 verr\u00e0 richiesto un esplicito consenso all\u2019interessato.<\/p>\n<p><strong>11. Tempi di conservazione<\/strong><br \/>\nI dati vengono conservati per un tempo indefinito ai fini del mantenimento della storicizzazione dell\u2019attivit\u00e0 dilettantistica e\/o amatoriale dell\u2019atleta salvo richiesta di cancellazione da parte di quest\u2019ultimo.<\/p>\n<p><strong>12. Diritti degli interessati<\/strong><br \/>\nTra i diritti riconosciuti agli interessati dal GDPR rientrano quelli di:<br \/>\n\u2022 chiedere ad SN:<br \/>\no l\u2019accesso ai dati personali ed alle informazioni relative agli stessi;<br \/>\no la rettifica dei dati inesatti o l\u2019integrazione di quelli incompleti;<br \/>\no la cancellazione dei dati personali (al verificarsi di una delle condizioni indicate nell\u2019art. 17, paragrafo 1 del GDPR e nel rispetto delle eccezioni previste nel paragrafo 3 dello stesso articolo);<br \/>\no la limitazione del trattamento dei dati personali (al ricorrere di una delle ipotesi indicate nell\u2019art. 18, paragrafo 1 del GDPR);<br \/>\n\u2022 chiedere ed ottenere da SN \u2013 nelle ipotesi in cui la base giuridica del trattamento sia il contratto o il consenso, e lo stesso sia effettuato con mezzi automatizzati \u2013 i dati personali in un formato strutturato e leggibile da dispositivo automatico, anche al fine di comunicare tali dati ad un altro titolare del trattamento (c.d. diritto alla portabilit\u00e0 dei dati personali);<br \/>\n\u2022 opporsi in qualsiasi momento al trattamento dei dati personali al ricorrere delle ipotesi previste dall\u2019art.21 del GDPR<br \/>\n\u2022 revocare il consenso in qualsiasi momento, limitatamente alle ipotesi in cui il trattamento sia basato sul consenso per una o pi\u00f9 specifiche finalit\u00e0 e riguardi dati personali comuni, oppure particolari categorie di dati. Il trattamento basato sul consenso ed effettuato antecedentemente alla revoca dello stesso conserva, comunque, la sua liceit\u00e0;<br \/>\nTutti i suddetti diritti potranno essere esercitati inviando una richiesta all\u2019indirizzo luca.ministrini@laspoletonorciainmtb.it. L\u2019interessato ricever\u00e0 una risposta entro 30 giorni;<br \/>\n\u2022 ove ne ricorrano i presupposti proporre reclamo a un\u2019autorit\u00e0 di controllo (Autorit\u00e0 Garante per la protezione dei dati personali \u2013 www.garanteprivacy.it).<\/p>\n<p>IL TITOLARE DEL TRATTAMENTO<br \/>\nSSD LA SPOLETONORCIA SRL<\/p>\n<\/div><\/section><\/div><\/div><\/div><\/div><!-- close content main div --><\/div><\/div><div id='after_section_2'  class='main_color av_default_container_wrap container_wrap sidebar_right'  ><div class='container av-section-cont-open' ><div class='template-page content  av-content-small alpha units'><div class='post-entry post-entry-type-page post-entry-3209'><div class='entry-content-wrapper clearfix'>\n","protected":false},"excerpt":{"rendered":"","protected":false},"author":2,"featured_media":0,"parent":0,"menu_order":101,"comment_status":"closed","ping_status":"closed","template":"","meta":{"footnotes":""},"class_list":["post-3209","page","type-page","status-publish","hentry"],"_links":{"self":[{"href":"https:\/\/laspoletonorciainmtb.it\/en\/wp-json\/wp\/v2\/pages\/3209","targetHints":{"allow":["GET"]}}],"collection":[{"href":"https:\/\/laspoletonorciainmtb.it\/en\/wp-json\/wp\/v2\/pages"}],"about":[{"href":"https:\/\/laspoletonorciainmtb.it\/en\/wp-json\/wp\/v2\/types\/page"}],"author":[{"embeddable":true,"href":"https:\/\/laspoletonorciainmtb.it\/en\/wp-json\/wp\/v2\/users\/2"}],"replies":[{"embeddable":true,"href":"https:\/\/laspoletonorciainmtb.it\/en\/wp-json\/wp\/v2\/comments?post=3209"}],"version-history":[{"count":0,"href":"https:\/\/laspoletonorciainmtb.it\/en\/wp-json\/wp\/v2\/pages\/3209\/revisions"}],"wp:attachment":[{"href":"https:\/\/laspoletonorciainmtb.it\/en\/wp-json\/wp\/v2\/media?parent=3209"}],"curies":[{"name":"wp","href":"https:\/\/api.w.org\/{rel}","templated":true}]}}