{"id":3210,"date":"2022-03-30T13:10:38","date_gmt":"2022-03-30T11:10:38","guid":{"rendered":"https:\/\/laspoletonorciainmtb.it\/cookie\/"},"modified":"2022-03-30T13:10:38","modified_gmt":"2022-03-30T11:10:38","slug":"cookie","status":"publish","type":"page","link":"https:\/\/laspoletonorciainmtb.it\/en\/cookie\/","title":{"rendered":"Cookie"},"content":{"rendered":"<div id='full_slider_1'  class='avia-fullwidth-slider main_color avia-shadow   avia-builder-el-0  el_before_av_section  avia-builder-el-first   container_wrap sidebar_right'  ><div  class='avia-slideshow av-l11a2vjc-021a0c193a4e0891912f7adc0c17e66c avia-slideshow-no scaling av_slideshow_full avia-slide-slider av-slideshow-ui av-control-default av-slideshow-manual av-loop-once av-loop-manual-endless av-default-height-applied   avia-slideshow-1' data-slideshow-options=\"{&quot;animation&quot;:&quot;slide&quot;,&quot;autoplay&quot;:false,&quot;loop_autoplay&quot;:&quot;once&quot;,&quot;interval&quot;:5,&quot;loop_manual&quot;:&quot;manual-endless&quot;,&quot;autoplay_stopper&quot;:false,&quot;noNavigation&quot;:false,&quot;bg_slider&quot;:false,&quot;keep_padding&quot;:false,&quot;hoverpause&quot;:false,&quot;show_slide_delay&quot;:0}\"  itemprop=\"image\" itemscope=\"itemscope\" itemtype=\"https:\/\/schema.org\/ImageObject\" ><ul class='avia-slideshow-inner ' style='padding-bottom: 30.833333333333%;'><li  class='avia-slideshow-slide av-l11a2vjc-021a0c193a4e0891912f7adc0c17e66c__0  av-single-slide slide-1 slide-odd'><div data-rel='slideshow-1' class='avia-slide-wrap '   ><img decoding=\"async\" fetchpriority=\"high\" class=\"wp-image-2431 avia-img-lazy-loading-not-2431\"  src=\"https:\/\/laspoletonorciainmtb.it\/wp-content\/uploads\/2022\/03\/galleria1.jpg\" width=\"1920\" height=\"592\" title='galleria1' alt=''  itemprop=\"thumbnailUrl\" srcset=\"https:\/\/laspoletonorciainmtb.it\/wp-content\/uploads\/2022\/03\/galleria1.jpg 1920w, https:\/\/laspoletonorciainmtb.it\/wp-content\/uploads\/2022\/03\/galleria1-300x93.jpg 300w, https:\/\/laspoletonorciainmtb.it\/wp-content\/uploads\/2022\/03\/galleria1-1030x318.jpg 1030w, https:\/\/laspoletonorciainmtb.it\/wp-content\/uploads\/2022\/03\/galleria1-768x237.jpg 768w, https:\/\/laspoletonorciainmtb.it\/wp-content\/uploads\/2022\/03\/galleria1-1536x474.jpg 1536w, https:\/\/laspoletonorciainmtb.it\/wp-content\/uploads\/2022\/03\/galleria1-1500x463.jpg 1500w, https:\/\/laspoletonorciainmtb.it\/wp-content\/uploads\/2022\/03\/galleria1-705x217.jpg 705w\" sizes=\"(max-width: 1920px) 100vw, 1920px\" \/><\/div><\/li><\/ul><\/div><\/div>\n<div id='av_section_1'  class='avia-section av-qcwrl-8d449e522f7e2f60afc5e51e2989524e main_color avia-section-small avia-no-border-styling  avia-builder-el-1  el_after_av_slideshow_full  el_before_av_section  avia-bg-style-scroll container_wrap sidebar_right'  ><div class='container av-section-cont-open' ><div class='template-page content  av-content-small alpha units'><div class='post-entry post-entry-type-page post-entry-3210'><div class='entry-content-wrapper clearfix'>\n<div  class='flex_column av-kzwquy44-9ede2d52995b27724e1ede6bdb81e214 av_one_full  avia-builder-el-2  avia-builder-el-no-sibling  first flex_column_div av-animated-generic left-to-right  '     ><style type=\"text\/css\" data-created_by=\"avia_inline_auto\" id=\"style-css-av-kzwpj5pk-b18f52aad5f63b122d10e76b77a0385e\">\n#top .av-special-heading.av-kzwpj5pk-b18f52aad5f63b122d10e76b77a0385e{\npadding-bottom:10px;\ncolor:#91817d;\n}\nbody .av-special-heading.av-kzwpj5pk-b18f52aad5f63b122d10e76b77a0385e .av-special-heading-tag .heading-char{\nfont-size:25px;\n}\n.av-special-heading.av-kzwpj5pk-b18f52aad5f63b122d10e76b77a0385e .special-heading-inner-border{\nborder-color:#91817d;\n}\n.av-special-heading.av-kzwpj5pk-b18f52aad5f63b122d10e76b77a0385e .av-subheading{\nfont-size:15px;\n}\n<\/style>\n<div  class='av-special-heading av-kzwpj5pk-b18f52aad5f63b122d10e76b77a0385e av-special-heading-h1 custom-color-heading blockquote modern-quote  avia-builder-el-3  avia-builder-el-no-sibling  titolo-spaziato'><h1 class='av-special-heading-tag '  itemprop=\"headline\"  >cookie policy<\/h1><div class=\"special-heading-border\"><div class=\"special-heading-inner-border\"><\/div><\/div><\/div><\/div><\/div><\/div><\/div><!-- close content main div --><\/div><\/div><div id='av_section_2'  class='avia-section av-22idd-62e9f7e3105053ba446258d763ef8b74 main_color avia-section-small avia-no-border-styling  avia-builder-el-4  el_after_av_section  avia-builder-el-last  avia-bg-style-scroll container_wrap sidebar_right'  ><div class='container av-section-cont-open' ><div class='template-page content  av-content-small alpha units'><div class='post-entry post-entry-type-page post-entry-3210'><div class='entry-content-wrapper clearfix'>\n<div  class='flex_column av-h1bqx-276f48885150a01457d6ca32473aefe9 av_one_fourth  avia-builder-el-5  el_before_av_three_fourth  avia-builder-el-first  first flex_column_div  '     ><\/div><div  class='flex_column av-bbqih-4fb23bf94bfbb4cbf6b74b2207f46d58 av_three_fourth  avia-builder-el-6  el_after_av_one_fourth  avia-builder-el-last  flex_column_div av-animated-generic right-to-left  '     ><section  class='av_textblock_section av-l0mmw24b-cf6daaaf82913440a558b4559aea04b4 '   itemscope=\"itemscope\" itemtype=\"https:\/\/schema.org\/CreativeWork\" ><div class='avia_textblock paragrafo-std'  itemprop=\"text\" ><p>I cookie vengono utilizzati sul nostro sito Web e nelle nostre e-mail per offrire agli utenti un servizio e un\u2019esperienza migliori. D\u2019ora in avanti, anche i nostri partner di fiducia potranno condividere le informazioni ottenute e migliorare l\u2019esperienza degli utenti sui loro siti Web. Questo documento descrive le categorie di cookie che utilizziamo e condividiamo con i nostri partner, il loro scopo e come modificare le proprie preferenze.<\/p>\n<h2>Cosa sono i cookie?<\/h2>\n<p>I cookie sono piccoli file di dati memorizzati dal browser sul disco rigido del computer. Ogni volta che un utente torna a visitare il nostro sito Web, il browser ci rinvia questi cookie in modo da permetterci di offrirgli un\u2019esperienza personalizzata, che rifletta i suoi interessi e le sue preferenze e faciliti l\u2019accesso ai nostri servizi.<\/p>\n<h2>Quali cookie utilizziamo?<\/h2>\n<p>I cookie che utilizziamo ci consentono di riconoscere gli utenti che tornano a visitare il sito e i loro dati, in modo da evitare loro di dover inserire pi\u00f9 volte le stesse informazioni. Inoltre, ci permettono di analizzare i modelli di traffico degli utenti che visitano il nostro sito Web in modo da migliorarne l\u2019usabilit\u00e0.<br \/>\nEcco alcuni dei tipi di cookie utilizzati sul nostro sito Web:<\/p>\n<h3>Cookie tecnici<\/h3>\n<p>\u00c8 possibile che vengano utilizzati cookie tecnici per permettere agli utenti di usufruire dei servizi richiesti tramite il nostro sito Web. Senza questi cookie, non sarebbe possibile fornire i servizi richiesti.<br \/>\nPer esempio, i cookie tecnici possono essere utilizzati per:<\/p>\n<ol>\n<li>\n<ul>\n<li>Permettere agli utenti di accedere ad aree sicure del nostro sito Web senza dover continuamente effettuare il login<\/li>\n<li>Ricordare eventuali azioni eseguite dall\u2019utente (per esempio, il completamento di un modulo) quando si torna alla pagina precedete di una sessione<\/li>\n<\/ul>\n<\/li>\n<\/ol>\n<h3>Cookie analitici<\/h3>\n<p>I cookie analitici potrebbero essere utilizzati per ottenere informazioni sull\u2019uso del sito Web, delle inserzioni pubblicitarie e delle e-mail e per avvisarci di eventuali errori. Inoltre, questi cookie permettono di ottenere informazioni tecniche dettagliate, quali l\u2019ultima pagina visitata, il numero di pagine visitate, se un\u2019e-mail \u00e8 stata aperta, quali parti del sito Web o delle e-mail vengono cliccate dagli utenti e il tempo trascorso fra un clic e l\u2019altro. Queste informazioni potrebbero essere associate a dettagli dell\u2019utente quali indirizzo IP, dominio o browser; tuttavia, vengono analizzate insieme a informazioni di altre persone in modo da non identificare un determinato utente rispetto all\u2019altro.<\/p>\n<p>Per esempio, questi cookie potrebbero essere utilizzati sul nostro sito Web per:<\/p>\n<ol>\n<li>\n<ul>\n<li>Analizzare e migliorare le prestazioni e il design del nostro sito Web, delle inserzioni pubblicitarie e delle e-mail<\/li>\n<li>Quantificare la risposta alle nostre inserzioni pubblicitarie e migliorarne l\u2019efficacia<\/li>\n<li>Calcolare gli errori che si verificano sul nostro sito Web per migliorare il servizio e gestire eventuali reclami<\/li>\n<\/ul>\n<\/li>\n<\/ol>\n<h3>Cookie di rilevamento di terze parti<\/h3>\n<p>I cookie di rilevamento di terze parti potrebbero essere inviati al dispositivo dell\u2019utente dai siti Web dei nostri partner. Questi cookie sono utilizzati per determinare quando i partner reindirizzano un utente al nostro sito Web e se l\u2019utente in questione procede all\u2019acquisto di un prodotto o un servizio Il Villaggio in citt\u00e0. Le informazioni potrebbero essere condivise con i nostri partner in modo anonimo, in modo da non identificare un determinato utente rispetto all\u2019altro.<br \/>\nInoltre, queste informazioni vengono fornite in conformit\u00e0 ai nostri obblighi contrattuali nei confronti dei partner per aiutarli a migliorare l\u2019efficacia dei loro siti.<\/p>\n<h3>Cookie di funzionalit\u00e0<\/h3>\n<p>Questi cookie non sono fondamentali, ma permettono di usufruire di diverse utili funzionalit\u00e0 sul nostro sito Web.<br \/>\nPer esempio, potrebbero essere utilizzati sul nostro sito Web per:<\/p>\n<ol>\n<li>\n<ul>\n<li>Ricordare le preferenze selezionate dall\u2019utente durante le visite precedenti, quali paese\/lingua, interessi e presentazione del sito Web (layout, dimensione dei caratteri, colori e cos\u00ec via). In questo modo, l\u2019utente non dovr\u00e0 inserire nuovamente queste informazioni<\/li>\n<li>Ricordare le risposte alle domande poste dal nostro sito, per esempio sulla partecipazione a sondaggi sulla soddisfazione del cliente, in modo che non vengano ripresentate all\u2019utente<\/li>\n<li>Determinare se un servizio \u00e8 gi\u00e0 stato proposto all\u2019utente, per esempio l\u2019offerta di assistenza online in tempo reale<\/li>\n<li>Fornire informazioni che consentono il funzionamento di servizi opzionali, per esempio guardare un video online o pubblicare un commento su un blog<\/li>\n<\/ul>\n<\/li>\n<\/ol>\n<h3>Cookie di targeting o promozionali<\/h3>\n<p>Questi cookie possono essere utilizzati sul nostro sito Web per pubblicare inserzioni pubblicitarie personalizzate in base agli interessi dell\u2019utente. I cookie di targeting o promozionali consentono di ottenere informazioni dettagliate sulla navigazione del nostro sito Web da parte degli utenti (per esempio, i prodotti o i servizi pi\u00f9 visualizzati da una determinata persona). Inoltre, ci permettono di riconoscere un utente che torna a visitare il nostro sito Web e\/o un sito che forma parte della rete di uno dei nostri partner promozionali.<\/p>\n<p>Per esempio, questi cookie possono essere utilizzati per ottenere informazioni sui prodotti e sui servizi Il Villaggio in citt\u00e0 visualizzati o aggiunti al carrello da un utente sul nostro sito Web. Cos\u00ec facendo:<\/p>\n<ol>\n<li>\n<ul>\n<li>Il Villaggio in citt\u00e0 pu\u00f2 offrire agli utenti del suo sito Web inserzioni pubblicitarie sui prodotti e i servizi gi\u00e0 visualizzati<\/li>\n<li>Il Villaggio in citt\u00e0 pu\u00f2 personalizzare e-mail e altre forme di direct marketing inviate all\u2019utente<\/li>\n<li>I nostri partner promozionali possono offrire agli utenti dei siti Web facenti parte della loro rete inserzioni pubblicitarie sui prodotti e servizi gi\u00e0 visualizzati<\/li>\n<li>\u00c8 possibile limitare il numero di volte che una determinata inserzione viene mostrata a un utente e calcolare l\u2019efficacia di una campagna pubblicitaria<\/li>\n<\/ul>\n<\/li>\n<\/ol>\n<p>Questi cookie possono essere memorizzati e utilizzati da Il Villaggio in citt\u00e0 e\/o dai nostri partner promozionali.<\/p>\n<h3>Cookie di terze parti<\/h3>\n<p>Quando un utente utilizza il nostro sito Web, \u00e8 possibile che vengano memorizzati alcuni cookie non controllati da Il Villaggio in citt\u00e0. Questo accade, per esempio, se l\u2019utente visita una pagina che contiene contenuti di un sito Web di terzi. Di conseguenza, l\u2019utente ricever\u00e0 cookie da questi servizi di terze parti. I cookie non contengono informazioni personali, a meno che l\u2019utente non abbia effettuato l\u2019accesso all\u2019account.<br \/>\nPer esempio, i cookie di terze parti potrebbero essere originati da:<\/p>\n<ol>\n<li>\n<ul>\n<li>YouTube o Facebook<\/li>\n<li>Operatori di fiducia<\/li>\n<li>Media agency retribuite<\/li>\n<li>Campagne di marketing di propriet\u00e0 di Il Villaggio in citt\u00e0<\/li>\n<\/ul>\n<\/li>\n<\/ol>\n<p>Il Villaggio in citt\u00e0 non controlla la memorizzazione o l\u2019accesso a questi cookie. Per ulteriori informazioni sull\u2019utilizzo dei cookie da parte di terzi, consultare l\u2019Informativa sulla privacy e sui cookie dei servizi in questione.<\/p>\n<h3>Come modificare le impostazioni sui cookie<\/h3>\n<p>La maggior parte dei browser permette di cancellare i cookie dal disco fisso del computer, di bloccare l\u2019accettazione dei cookie o di ricevere un avviso prima che un cookie venga memorizzato.<\/p>\n<h3>Cosa succede se si disattivano i cookie?<\/h3>\n<p>Tuttavia, se l\u2019utente blocca o cancella un cookie, potrebbe essere impossibile ripristinare le preferenze o le impostazioni personalizzate specificate in precedenza e la nostra capacit\u00e0 di personalizzare l\u2019esperienza dell\u2019utente sar\u00e0 limitata.<\/p>\n<p>Come modificare le impostazioni per:<\/p>\n<ol>\n<li>\n<ul>\n<li><a title=\"Google Chrome\" href=\"https:\/\/support.google.com\/accounts\/answer\/61416?hl=it\" target=\"_blank\" rel=\"noopener\">Google Chrome<\/a><\/li>\n<li><a title=\"Mozilla Firefox\" href=\"https:\/\/support.mozilla.org\/it\/kb\/Attivare%20e%20disattivare%20i%20cookie\" target=\"_blank\" rel=\"noopener\">Mozilla Firefox<\/a><\/li>\n<li><a title=\"Internet Explorer\" href=\"http:\/\/windows.microsoft.com\/it-it\/internet-explorer\/delete-manage-cookies#ie=ie-11\" target=\"_blank\" rel=\"noopener\">Internet Explorer<\/a><\/li>\n<li><a title=\"Safari\" href=\"http:\/\/support.apple.com\/kb\/PH5042\" target=\"_blank\" rel=\"noopener\">Safari<\/a><\/li>\n<\/ul>\n<\/li>\n<\/ol>\n<\/div><\/section><\/div>\n<\/div><\/div><\/div><!-- close content main div --><\/div><\/div><div id='after_section_2'  class='main_color av_default_container_wrap container_wrap sidebar_right'  ><div class='container av-section-cont-open' ><div class='template-page content  av-content-small alpha units'><div class='post-entry post-entry-type-page post-entry-3210'><div class='entry-content-wrapper clearfix'><\/p>\n","protected":false},"excerpt":{"rendered":"","protected":false},"author":2,"featured_media":0,"parent":0,"menu_order":101,"comment_status":"closed","ping_status":"open","template":"","meta":{"footnotes":""},"class_list":["post-3210","page","type-page","status-publish","hentry"],"_links":{"self":[{"href":"https:\/\/laspoletonorciainmtb.it\/en\/wp-json\/wp\/v2\/pages\/3210","targetHints":{"allow":["GET"]}}],"collection":[{"href":"https:\/\/laspoletonorciainmtb.it\/en\/wp-json\/wp\/v2\/pages"}],"about":[{"href":"https:\/\/laspoletonorciainmtb.it\/en\/wp-json\/wp\/v2\/types\/page"}],"author":[{"embeddable":true,"href":"https:\/\/laspoletonorciainmtb.it\/en\/wp-json\/wp\/v2\/users\/2"}],"replies":[{"embeddable":true,"href":"https:\/\/laspoletonorciainmtb.it\/en\/wp-json\/wp\/v2\/comments?post=3210"}],"version-history":[{"count":0,"href":"https:\/\/laspoletonorciainmtb.it\/en\/wp-json\/wp\/v2\/pages\/3210\/revisions"}],"wp:attachment":[{"href":"https:\/\/laspoletonorciainmtb.it\/en\/wp-json\/wp\/v2\/media?parent=3210"}],"curies":[{"name":"wp","href":"https:\/\/api.w.org\/{rel}","templated":true}]}}